{"id":14,"date":"2025-09-01T11:35:55","date_gmt":"2025-09-01T11:35:55","guid":{"rendered":"https:\/\/hulehaj.com\/?page_id=14"},"modified":"2025-09-01T11:47:29","modified_gmt":"2025-09-01T11:47:29","slug":"advarsel-hulehajen","status":"publish","type":"page","link":"https:\/\/hulehaj.com\/","title":{"rendered":"ADVARSEL &#8211; HULEHAJEN"},"content":{"rendered":"\n<h3 class=\"wp-block-heading\"><strong>Seneste observation: 31-08-2025 kl. 06:42<br>Position<\/strong>: 56\u00b000.9\u2019 N &#8211; 12\u00b035.3\u2019 E (ud for Snekkersten)<br><strong>Beskrivelse<\/strong>: Stort forhistorisk havdyr, m\u00f8rk silhuet, bev\u00e6ger sig langs 6-12 m dybdekurven.<br><strong>Adf\u00e6rd<\/strong>: Nysgerrig &#8211; is\u00e6r mod m\u00e6nd over 50.<\/h3>\n\n\n\n<figure class=\"wp-block-image size-large is-style-default\"><img loading=\"lazy\" decoding=\"async\" width=\"1024\" height=\"705\" src=\"https:\/\/hulehaj.com\/wp-content\/uploads\/2025\/09\/Screenshot-2025-09-01-at-19.17.59-1024x705.png\" alt=\"\" class=\"wp-image-8\" srcset=\"https:\/\/hulehaj.com\/wp-content\/uploads\/2025\/09\/Screenshot-2025-09-01-at-19.17.59-1024x705.png 1024w, https:\/\/hulehaj.com\/wp-content\/uploads\/2025\/09\/Screenshot-2025-09-01-at-19.17.59-300x207.png 300w, https:\/\/hulehaj.com\/wp-content\/uploads\/2025\/09\/Screenshot-2025-09-01-at-19.17.59-768x529.png 768w, https:\/\/hulehaj.com\/wp-content\/uploads\/2025\/09\/Screenshot-2025-09-01-at-19.17.59-1536x1058.png 1536w, https:\/\/hulehaj.com\/wp-content\/uploads\/2025\/09\/Screenshot-2025-09-01-at-19.17.59.png 1736w\" sizes=\"auto, (max-width: 1024px) 100vw, 1024px\" \/><\/figure>\n\n\n\n<h3 class=\"wp-block-heading\"><br><strong>P\u00e5virkninger<\/strong>: Reagerer p\u00e5 duften af r\u00f8dvin og lyden af st\u00f8vledans.<br><strong>Instruks<\/strong>: Hold mindst 300 m afstand &#8211; sejl i stor bue &#8211; undg\u00e5 at banke i skroget.<br><strong>Melding<\/strong>: Ses dyret igen, rapport\u00e9r venligst til Havnevagten, \u201cHulehaj-obs\u201d.<\/h3>\n\n\n\n<p><\/p>\n\n\n\n<h3 class=\"wp-block-heading\">Hulehajen er set krydse fra Esperg\u00e6rde mod Hven i langsom bue. Dyret virker fredeligt, men har udvist s\u00e6rlig interesse for m\u00e6nd over 50 &#8211; is\u00e6r i sandaler med str\u00f8mper og med fiskestang. Fl\u00f8jter man et vers af \u201cPapirsklip\u201d, tr\u00e6kker den sig som regel v\u00e6k. <\/h3>\n\n\n\n<h2 class=\"wp-block-heading\"><strong>Hold afstand.<\/strong><\/h2>\n","protected":false},"excerpt":{"rendered":"<p>Seneste observation: 31-08-2025 kl. 06:42Position: 56\u00b000.9\u2019 N &#8211; 12\u00b035.3\u2019 E (ud for Snekkersten)Beskrivelse: Stort forhistorisk havdyr, m\u00f8rk silhuet, bev\u00e6ger sig langs 6-12 m dybdekurven.Adf\u00e6rd: Nysgerrig &#8211; is\u00e6r mod m\u00e6nd over 50. P\u00e5virkninger: Reagerer p\u00e5 duften af r\u00f8dvin og lyden af st\u00f8vledans.Instruks: Hold mindst 300 m afstand &#8211; sejl i stor bue &#8211; undg\u00e5 at banke [&hellip;]<\/p>\n","protected":false},"author":1,"featured_media":0,"parent":0,"menu_order":0,"comment_status":"closed","ping_status":"closed","template":"","meta":{"footnotes":""},"class_list":["post-14","page","type-page","status-publish","hentry"],"_links":{"self":[{"href":"https:\/\/hulehaj.com\/index.php?rest_route=\/wp\/v2\/pages\/14","targetHints":{"allow":["GET"]}}],"collection":[{"href":"https:\/\/hulehaj.com\/index.php?rest_route=\/wp\/v2\/pages"}],"about":[{"href":"https:\/\/hulehaj.com\/index.php?rest_route=\/wp\/v2\/types\/page"}],"author":[{"embeddable":true,"href":"https:\/\/hulehaj.com\/index.php?rest_route=\/wp\/v2\/users\/1"}],"replies":[{"embeddable":true,"href":"https:\/\/hulehaj.com\/index.php?rest_route=%2Fwp%2Fv2%2Fcomments&post=14"}],"version-history":[{"count":5,"href":"https:\/\/hulehaj.com\/index.php?rest_route=\/wp\/v2\/pages\/14\/revisions"}],"predecessor-version":[{"id":27,"href":"https:\/\/hulehaj.com\/index.php?rest_route=\/wp\/v2\/pages\/14\/revisions\/27"}],"wp:attachment":[{"href":"https:\/\/hulehaj.com\/index.php?rest_route=%2Fwp%2Fv2%2Fmedia&parent=14"}],"curies":[{"name":"wp","href":"https:\/\/api.w.org\/{rel}","templated":true}]}}